{"id":55624,"date":"2026-04-17T11:22:09","date_gmt":"2026-04-17T14:22:09","guid":{"rendered":"https:\/\/farmafam.com.br\/?product=shampoo-siage-250ml-cauterizacao-dos-lisos"},"modified":"2026-04-17T11:22:12","modified_gmt":"2026-04-17T14:22:12","slug":"shampoo-siage-250ml-cauterizacao-dos-lisos","status":"publish","type":"product","link":"https:\/\/farmafam.com.br\/?product=shampoo-siage-250ml-cauterizacao-dos-lisos","title":{"rendered":"SHAMPOO SIAGE 250ML CAUTERIZA\u00c7\u00c3O DOS LISOS"},"content":{"rendered":"<p>SHAMPOO SIAGE 250ML CAUTERIZA\u00c7\u00c3O DOS LISOS<br \/>\n7891033517466<\/p>\n","protected":false},"excerpt":{"rendered":"<p>SHAMPOO SIAGE 250ML CAUTERIZA\u00c7\u00c3O DOS LISOS, 7891033517466<\/p>\n","protected":false},"featured_media":0,"comment_status":"closed","ping_status":"open","template":"","meta":[],"_links":{"self":[{"href":"https:\/\/farmafam.com.br\/index.php?rest_route=\/wp\/v2\/product\/55624"}],"collection":[{"href":"https:\/\/farmafam.com.br\/index.php?rest_route=\/wp\/v2\/product"}],"about":[{"href":"https:\/\/farmafam.com.br\/index.php?rest_route=\/wp\/v2\/types\/product"}],"replies":[{"embeddable":true,"href":"https:\/\/farmafam.com.br\/index.php?rest_route=%2Fwp%2Fv2%2Fcomments&post=55624"}],"wp:attachment":[{"href":"https:\/\/farmafam.com.br\/index.php?rest_route=%2Fwp%2Fv2%2Fmedia&parent=55624"}],"curies":[{"name":"wp","href":"https:\/\/api.w.org\/{rel}","templated":true}]}}