{"id":55655,"date":"2026-04-17T10:46:07","date_gmt":"2026-04-17T13:46:07","guid":{"rendered":"https:\/\/farmafam.com.br\/?product=dprev-5-000ui-solucao-gotas-4ml"},"modified":"2026-04-17T10:46:13","modified_gmt":"2026-04-17T13:46:13","slug":"dprev-5-000ui-solucao-gotas-4ml","status":"publish","type":"product","link":"https:\/\/farmafam.com.br\/?product=dprev-5-000ui-solucao-gotas-4ml","title":{"rendered":"DPREV 5.000UI SOLU\u00c7\u00c3O GOTAS 4ML"},"content":{"rendered":"<p>DPREV 5.000UI SOLU\u00c7\u00c3O GOTAS 4ML<br \/>\n7898430193439<\/p>\n","protected":false},"excerpt":{"rendered":"<p>DPREV 5.000UI SOLU\u00c7\u00c3O GOTAS 4ML, 7898430193439<\/p>\n","protected":false},"featured_media":0,"comment_status":"closed","ping_status":"open","template":"","meta":[],"_links":{"self":[{"href":"https:\/\/farmafam.com.br\/index.php?rest_route=\/wp\/v2\/product\/55655"}],"collection":[{"href":"https:\/\/farmafam.com.br\/index.php?rest_route=\/wp\/v2\/product"}],"about":[{"href":"https:\/\/farmafam.com.br\/index.php?rest_route=\/wp\/v2\/types\/product"}],"replies":[{"embeddable":true,"href":"https:\/\/farmafam.com.br\/index.php?rest_route=%2Fwp%2Fv2%2Fcomments&post=55655"}],"wp:attachment":[{"href":"https:\/\/farmafam.com.br\/index.php?rest_route=%2Fwp%2Fv2%2Fmedia&parent=55655"}],"curies":[{"name":"wp","href":"https:\/\/api.w.org\/{rel}","templated":true}]}}