{"id":56059,"date":"2026-04-24T11:57:10","date_gmt":"2026-04-24T14:57:10","guid":{"rendered":"https:\/\/farmafam.com.br\/?product=creme-de-pentear-elseve-250ml-oleo-extraordinario-nutricao-intensa"},"modified":"2026-04-24T11:57:20","modified_gmt":"2026-04-24T14:57:20","slug":"creme-de-pentear-elseve-250ml-oleo-extraordinario-nutricao-intensa","status":"publish","type":"product","link":"https:\/\/farmafam.com.br\/?product=creme-de-pentear-elseve-250ml-oleo-extraordinario-nutricao-intensa","title":{"rendered":"CREME DE PENTEAR ELSEVE 250ML OLEO EXTRAORDINARIO NUTRI\u00c7\u00c3O INTENSA"},"content":{"rendered":"<p>CREME DE PENTEAR ELSEVE 250ML OLEO EXTRAORDINARIO NUTRI\u00c7\u00c3O INTENSA<br \/>\n7899706111621<\/p>\n","protected":false},"excerpt":{"rendered":"<p>CREME DE PENTEAR ELSEVE 250ML OLEO EXTRAORDINARIO NUTRI\u00c7\u00c3O INTENSA, 7899706111621<\/p>\n","protected":false},"featured_media":0,"comment_status":"closed","ping_status":"open","template":"","meta":[],"_links":{"self":[{"href":"https:\/\/farmafam.com.br\/index.php?rest_route=\/wp\/v2\/product\/56059"}],"collection":[{"href":"https:\/\/farmafam.com.br\/index.php?rest_route=\/wp\/v2\/product"}],"about":[{"href":"https:\/\/farmafam.com.br\/index.php?rest_route=\/wp\/v2\/types\/product"}],"replies":[{"embeddable":true,"href":"https:\/\/farmafam.com.br\/index.php?rest_route=%2Fwp%2Fv2%2Fcomments&post=56059"}],"wp:attachment":[{"href":"https:\/\/farmafam.com.br\/index.php?rest_route=%2Fwp%2Fv2%2Fmedia&parent=56059"}],"curies":[{"name":"wp","href":"https:\/\/api.w.org\/{rel}","templated":true}]}}