{"id":56685,"date":"2026-04-24T11:59:52","date_gmt":"2026-04-24T14:59:52","guid":{"rendered":"https:\/\/farmafam.com.br\/?product=repelente-moskitoff-200ml-locao"},"modified":"2026-04-24T12:00:01","modified_gmt":"2026-04-24T15:00:01","slug":"repelente-moskitoff-200ml-locao","status":"publish","type":"product","link":"https:\/\/farmafam.com.br\/?product=repelente-moskitoff-200ml-locao","title":{"rendered":"REPELENTE MOSKITOFF 200ML LO\u00c7\u00c3O"},"content":{"rendered":"<p>REPELENTE MOSKITOFF 200ML LO\u00c7\u00c3O<br \/>\n7896902212251<\/p>\n","protected":false},"excerpt":{"rendered":"<p>REPELENTE MOSKITOFF 200ML LO\u00c7\u00c3O, 7896902212251<\/p>\n","protected":false},"featured_media":0,"comment_status":"closed","ping_status":"open","template":"","meta":[],"_links":{"self":[{"href":"https:\/\/farmafam.com.br\/index.php?rest_route=\/wp\/v2\/product\/56685"}],"collection":[{"href":"https:\/\/farmafam.com.br\/index.php?rest_route=\/wp\/v2\/product"}],"about":[{"href":"https:\/\/farmafam.com.br\/index.php?rest_route=\/wp\/v2\/types\/product"}],"replies":[{"embeddable":true,"href":"https:\/\/farmafam.com.br\/index.php?rest_route=%2Fwp%2Fv2%2Fcomments&post=56685"}],"wp:attachment":[{"href":"https:\/\/farmafam.com.br\/index.php?rest_route=%2Fwp%2Fv2%2Fmedia&parent=56685"}],"curies":[{"name":"wp","href":"https:\/\/api.w.org\/{rel}","templated":true}]}}