{"id":56737,"date":"2026-04-17T10:32:28","date_gmt":"2026-04-17T13:32:28","guid":{"rendered":"https:\/\/farmafam.com.br\/?product=carbolitium-cr-450mg-60-comprimidos-liberacao-prolongada"},"modified":"2026-04-17T10:32:33","modified_gmt":"2026-04-17T13:32:33","slug":"carbolitium-cr-450mg-60-comprimidos-liberacao-prolongada","status":"publish","type":"product","link":"https:\/\/farmafam.com.br\/?product=carbolitium-cr-450mg-60-comprimidos-liberacao-prolongada","title":{"rendered":"CARBOLITIUM CR 450MG 60 COMPRIMIDOS LIBERA\u00c7\u00c3O PROLONGADA"},"content":{"rendered":"<p>CARBOLITIUM CR 450MG 60 COMPRIMIDOS LIBERA\u00c7\u00c3O PROLONGADA<br \/>\n7891317027940<\/p>\n","protected":false},"excerpt":{"rendered":"<p>CARBOLITIUM CR 450MG 60 COMPRIMIDOS LIBERA\u00c7\u00c3O PROLONGADA, 7891317027940<\/p>\n","protected":false},"featured_media":0,"comment_status":"closed","ping_status":"open","template":"","meta":[],"_links":{"self":[{"href":"https:\/\/farmafam.com.br\/index.php?rest_route=\/wp\/v2\/product\/56737"}],"collection":[{"href":"https:\/\/farmafam.com.br\/index.php?rest_route=\/wp\/v2\/product"}],"about":[{"href":"https:\/\/farmafam.com.br\/index.php?rest_route=\/wp\/v2\/types\/product"}],"replies":[{"embeddable":true,"href":"https:\/\/farmafam.com.br\/index.php?rest_route=%2Fwp%2Fv2%2Fcomments&post=56737"}],"wp:attachment":[{"href":"https:\/\/farmafam.com.br\/index.php?rest_route=%2Fwp%2Fv2%2Fmedia&parent=56737"}],"curies":[{"name":"wp","href":"https:\/\/api.w.org\/{rel}","templated":true}]}}