{"id":57001,"date":"2026-04-17T11:24:34","date_gmt":"2026-04-17T14:24:34","guid":{"rendered":"https:\/\/farmafam.com.br\/?product=systane-hidratacao-10ml"},"modified":"2026-04-17T11:24:40","modified_gmt":"2026-04-17T14:24:40","slug":"systane-hidratacao-10ml","status":"publish","type":"product","link":"https:\/\/farmafam.com.br\/?product=systane-hidratacao-10ml","title":{"rendered":"SYSTANE HIDRATA\u00c7\u00c3O 10ML"},"content":{"rendered":"<p>SYSTANE HIDRATA\u00c7\u00c3O 10ML<br \/>\n300652510149<\/p>\n","protected":false},"excerpt":{"rendered":"<p>SYSTANE HIDRATA\u00c7\u00c3O 10ML, 300652510149<\/p>\n","protected":false},"featured_media":0,"comment_status":"closed","ping_status":"open","template":"","meta":[],"_links":{"self":[{"href":"https:\/\/farmafam.com.br\/index.php?rest_route=\/wp\/v2\/product\/57001"}],"collection":[{"href":"https:\/\/farmafam.com.br\/index.php?rest_route=\/wp\/v2\/product"}],"about":[{"href":"https:\/\/farmafam.com.br\/index.php?rest_route=\/wp\/v2\/types\/product"}],"replies":[{"embeddable":true,"href":"https:\/\/farmafam.com.br\/index.php?rest_route=%2Fwp%2Fv2%2Fcomments&post=57001"}],"wp:attachment":[{"href":"https:\/\/farmafam.com.br\/index.php?rest_route=%2Fwp%2Fv2%2Fmedia&parent=57001"}],"curies":[{"name":"wp","href":"https:\/\/api.w.org\/{rel}","templated":true}]}}