{"id":57031,"date":"2026-04-30T11:29:39","date_gmt":"2026-04-30T14:29:39","guid":{"rendered":"https:\/\/farmafam.com.br\/?product=protetor-ocular-nexcare-infantil-10unidades-remocao-suave"},"modified":"2026-04-30T11:29:40","modified_gmt":"2026-04-30T14:29:40","slug":"protetor-ocular-nexcare-infantil-10-unidades-remocao-suave","status":"publish","type":"product","link":"https:\/\/farmafam.com.br\/?product=protetor-ocular-nexcare-infantil-10-unidades-remocao-suave","title":{"rendered":"PROTETOR OCULAR NEXCARE INFANTIL 10 UNIDADES REMO\u00c7\u00c3O SUAVE"},"content":{"rendered":"<p>PROTETOR OCULAR NEXCARE INFANTIL 10 UNIDADES REMO\u00c7\u00c3O SUAVE<br \/>\n7891040303632<\/p>\n","protected":false},"excerpt":{"rendered":"<p>PROTETOR OCULAR NEXCARE INFANTIL 10 UNIDADES REMO\u00c7\u00c3O SUAVE, 7891040303632<\/p>\n","protected":false},"featured_media":0,"comment_status":"closed","ping_status":"open","template":"","meta":[],"_links":{"self":[{"href":"https:\/\/farmafam.com.br\/index.php?rest_route=\/wp\/v2\/product\/57031"}],"collection":[{"href":"https:\/\/farmafam.com.br\/index.php?rest_route=\/wp\/v2\/product"}],"about":[{"href":"https:\/\/farmafam.com.br\/index.php?rest_route=\/wp\/v2\/types\/product"}],"replies":[{"embeddable":true,"href":"https:\/\/farmafam.com.br\/index.php?rest_route=%2Fwp%2Fv2%2Fcomments&post=57031"}],"wp:attachment":[{"href":"https:\/\/farmafam.com.br\/index.php?rest_route=%2Fwp%2Fv2%2Fmedia&parent=57031"}],"curies":[{"name":"wp","href":"https:\/\/api.w.org\/{rel}","templated":true}]}}