{"id":57368,"date":"2026-04-17T11:31:37","date_gmt":"2026-04-17T14:31:37","guid":{"rendered":"https:\/\/farmafam.com.br\/?product=wegovy-17mg-solucao-injetavel-com-4-agulhas"},"modified":"2026-04-17T11:31:46","modified_gmt":"2026-04-17T14:31:46","slug":"wegovy-17mg-solucao-injetavel-com-4-agulhas","status":"publish","type":"product","link":"https:\/\/farmafam.com.br\/?product=wegovy-17mg-solucao-injetavel-com-4-agulhas","title":{"rendered":"WEGOVY 1,7MG SOLU\u00c7\u00c3O INJETAVEL COM 4 AGULHAS"},"content":{"rendered":"<p>WEGOVY 1,7MG SOLU\u00c7\u00c3O INJETAVEL COM 4 AGULHAS<br \/>\n7897705203101<\/p>\n","protected":false},"excerpt":{"rendered":"<p>WEGOVY 1,7MG SOLU\u00c7\u00c3O INJETAVEL COM 4 AGULHAS, 7897705203101<\/p>\n","protected":false},"featured_media":0,"comment_status":"closed","ping_status":"open","template":"","meta":[],"_links":{"self":[{"href":"https:\/\/farmafam.com.br\/index.php?rest_route=\/wp\/v2\/product\/57368"}],"collection":[{"href":"https:\/\/farmafam.com.br\/index.php?rest_route=\/wp\/v2\/product"}],"about":[{"href":"https:\/\/farmafam.com.br\/index.php?rest_route=\/wp\/v2\/types\/product"}],"replies":[{"embeddable":true,"href":"https:\/\/farmafam.com.br\/index.php?rest_route=%2Fwp%2Fv2%2Fcomments&post=57368"}],"wp:attachment":[{"href":"https:\/\/farmafam.com.br\/index.php?rest_route=%2Fwp%2Fv2%2Fmedia&parent=57368"}],"curies":[{"name":"wp","href":"https:\/\/api.w.org\/{rel}","templated":true}]}}