{"id":57791,"date":"2026-04-17T11:30:41","date_gmt":"2026-04-17T14:30:41","guid":{"rendered":"https:\/\/farmafam.com.br\/?product=vitamina-d-500ui-solucao-oral-10ml"},"modified":"2026-04-17T11:30:42","modified_gmt":"2026-04-17T14:30:42","slug":"vitamina-d-500ui-solucao-oral-10ml","status":"publish","type":"product","link":"https:\/\/farmafam.com.br\/?product=vitamina-d-500ui-solucao-oral-10ml","title":{"rendered":"VITAMINA D 500UI SOLU\u00c7\u00c3O ORAL 10ML"},"content":{"rendered":"<p>VITAMINA D 500UI SOLU\u00c7\u00c3O ORAL 10ML<br \/>\n7891317021702<\/p>\n","protected":false},"excerpt":{"rendered":"<p>VITAMINA D 500UI SOLU\u00c7\u00c3O ORAL 10ML, 7891317021702<\/p>\n","protected":false},"featured_media":0,"comment_status":"closed","ping_status":"open","template":"","meta":[],"_links":{"self":[{"href":"https:\/\/farmafam.com.br\/index.php?rest_route=\/wp\/v2\/product\/57791"}],"collection":[{"href":"https:\/\/farmafam.com.br\/index.php?rest_route=\/wp\/v2\/product"}],"about":[{"href":"https:\/\/farmafam.com.br\/index.php?rest_route=\/wp\/v2\/types\/product"}],"replies":[{"embeddable":true,"href":"https:\/\/farmafam.com.br\/index.php?rest_route=%2Fwp%2Fv2%2Fcomments&post=57791"}],"wp:attachment":[{"href":"https:\/\/farmafam.com.br\/index.php?rest_route=%2Fwp%2Fv2%2Fmedia&parent=57791"}],"curies":[{"name":"wp","href":"https:\/\/api.w.org\/{rel}","templated":true}]}}