{"id":60289,"date":"2026-04-24T11:15:58","date_gmt":"2026-04-24T14:15:58","guid":{"rendered":"https:\/\/farmafam.com.br\/?product=condicionador-dove-200ml-reconstrucao-completa"},"modified":"2026-04-24T11:16:04","modified_gmt":"2026-04-24T14:16:04","slug":"condicionador-dove-200ml-reconstrucao-completa","status":"publish","type":"product","link":"https:\/\/farmafam.com.br\/?product=condicionador-dove-200ml-reconstrucao-completa","title":{"rendered":"CONDICIONADOR DOVE 200ML RECONSTRU\u00c7\u00c3O COMPLETA"},"content":{"rendered":"<p>CONDICIONADOR DOVE 200ML RECONSTRU\u00c7\u00c3O COMPLETA<br \/>\n7891150008816<\/p>\n","protected":false},"excerpt":{"rendered":"<p>CONDICIONADOR DOVE 200ML RECONSTRU\u00c7\u00c3O COMPLETA, 7891150008816<\/p>\n","protected":false},"featured_media":0,"comment_status":"closed","ping_status":"open","template":"","meta":[],"_links":{"self":[{"href":"https:\/\/farmafam.com.br\/index.php?rest_route=\/wp\/v2\/product\/60289"}],"collection":[{"href":"https:\/\/farmafam.com.br\/index.php?rest_route=\/wp\/v2\/product"}],"about":[{"href":"https:\/\/farmafam.com.br\/index.php?rest_route=\/wp\/v2\/types\/product"}],"replies":[{"embeddable":true,"href":"https:\/\/farmafam.com.br\/index.php?rest_route=%2Fwp%2Fv2%2Fcomments&post=60289"}],"wp:attachment":[{"href":"https:\/\/farmafam.com.br\/index.php?rest_route=%2Fwp%2Fv2%2Fmedia&parent=60289"}],"curies":[{"name":"wp","href":"https:\/\/api.w.org\/{rel}","templated":true}]}}