{"id":60465,"date":"2026-04-24T11:19:27","date_gmt":"2026-04-24T14:19:27","guid":{"rendered":"https:\/\/farmafam.com.br\/?product=condicionador-tresemme-400ml-reconstrucao-e-forca"},"modified":"2026-04-24T11:19:35","modified_gmt":"2026-04-24T14:19:35","slug":"condicionador-tresemme-400ml-reconstrucao-e-forca","status":"publish","type":"product","link":"https:\/\/farmafam.com.br\/?product=condicionador-tresemme-400ml-reconstrucao-e-forca","title":{"rendered":"CONDICIONADOR TRESEMME 400ML RECONSTRU\u00c7\u00c3O E FOR\u00c7A"},"content":{"rendered":"<p>CONDICIONADOR TRESEMME 400ML RECONSTRU\u00c7\u00c3O E FOR\u00c7A<br \/>\n7891150018785<\/p>\n","protected":false},"excerpt":{"rendered":"<p>CONDICIONADOR TRESEMME 400ML RECONSTRU\u00c7\u00c3O E FOR\u00c7A, 7891150018785<\/p>\n","protected":false},"featured_media":0,"comment_status":"closed","ping_status":"open","template":"","meta":[],"_links":{"self":[{"href":"https:\/\/farmafam.com.br\/index.php?rest_route=\/wp\/v2\/product\/60465"}],"collection":[{"href":"https:\/\/farmafam.com.br\/index.php?rest_route=\/wp\/v2\/product"}],"about":[{"href":"https:\/\/farmafam.com.br\/index.php?rest_route=\/wp\/v2\/types\/product"}],"replies":[{"embeddable":true,"href":"https:\/\/farmafam.com.br\/index.php?rest_route=%2Fwp%2Fv2%2Fcomments&post=60465"}],"wp:attachment":[{"href":"https:\/\/farmafam.com.br\/index.php?rest_route=%2Fwp%2Fv2%2Fmedia&parent=60465"}],"curies":[{"name":"wp","href":"https:\/\/api.w.org\/{rel}","templated":true}]}}