{"id":61262,"date":"2026-04-24T11:33:10","date_gmt":"2026-04-24T14:33:10","guid":{"rendered":"https:\/\/farmafam.com.br\/?product=condicionador-pantene-170ml-3-minutos-hidratacao"},"modified":"2026-04-24T11:33:17","modified_gmt":"2026-04-24T14:33:17","slug":"condicionador-pantene-170ml-3-minutos-hidratacao","status":"publish","type":"product","link":"https:\/\/farmafam.com.br\/?product=condicionador-pantene-170ml-3-minutos-hidratacao","title":{"rendered":"CONDICIONADOR PANTENE 170ML 3 MINUTOS HIDRATA\u00c7\u00c3O"},"content":{"rendered":"<p>CONDICIONADOR PANTENE 170ML 3 MINUTOS HIDRATA\u00c7\u00c3O<br \/>\n7500435116282<\/p>\n","protected":false},"excerpt":{"rendered":"<p>CONDICIONADOR PANTENE 170ML 3 MINUTOS HIDRATA\u00c7\u00c3O, 7500435116282<\/p>\n","protected":false},"featured_media":0,"comment_status":"closed","ping_status":"open","template":"","meta":[],"_links":{"self":[{"href":"https:\/\/farmafam.com.br\/index.php?rest_route=\/wp\/v2\/product\/61262"}],"collection":[{"href":"https:\/\/farmafam.com.br\/index.php?rest_route=\/wp\/v2\/product"}],"about":[{"href":"https:\/\/farmafam.com.br\/index.php?rest_route=\/wp\/v2\/types\/product"}],"replies":[{"embeddable":true,"href":"https:\/\/farmafam.com.br\/index.php?rest_route=%2Fwp%2Fv2%2Fcomments&post=61262"}],"wp:attachment":[{"href":"https:\/\/farmafam.com.br\/index.php?rest_route=%2Fwp%2Fv2%2Fmedia&parent=61262"}],"curies":[{"name":"wp","href":"https:\/\/api.w.org\/{rel}","templated":true}]}}