{"id":61733,"date":"2026-04-17T11:27:32","date_gmt":"2026-04-17T14:27:32","guid":{"rendered":"https:\/\/farmafam.com.br\/?product=triplenex-solucao-oftalmologica-5ml"},"modified":"2026-04-17T11:27:36","modified_gmt":"2026-04-17T14:27:36","slug":"triplenex-solucao-oftalmologica-5ml","status":"publish","type":"product","link":"https:\/\/farmafam.com.br\/?product=triplenex-solucao-oftalmologica-5ml","title":{"rendered":"TRIPLENEX SOLU\u00c7\u00c3O OFTALMOL\u00d3GICA 5ML"},"content":{"rendered":"<p>TRIPLENEX SOLU\u00c7\u00c3O OFTALMOL\u00d3GICA 5ML<br \/>\n7897316806623<\/p>\n","protected":false},"excerpt":{"rendered":"<p>TRIPLENEX SOLU\u00c7\u00c3O OFTALMOL\u00d3GICA 5ML, 7897316806623<\/p>\n","protected":false},"featured_media":0,"comment_status":"closed","ping_status":"open","template":"","meta":[],"_links":{"self":[{"href":"https:\/\/farmafam.com.br\/index.php?rest_route=\/wp\/v2\/product\/61733"}],"collection":[{"href":"https:\/\/farmafam.com.br\/index.php?rest_route=\/wp\/v2\/product"}],"about":[{"href":"https:\/\/farmafam.com.br\/index.php?rest_route=\/wp\/v2\/types\/product"}],"replies":[{"embeddable":true,"href":"https:\/\/farmafam.com.br\/index.php?rest_route=%2Fwp%2Fv2%2Fcomments&post=61733"}],"wp:attachment":[{"href":"https:\/\/farmafam.com.br\/index.php?rest_route=%2Fwp%2Fv2%2Fmedia&parent=61733"}],"curies":[{"name":"wp","href":"https:\/\/api.w.org\/{rel}","templated":true}]}}