{"id":61737,"date":"2026-04-30T10:34:46","date_gmt":"2026-04-30T13:34:46","guid":{"rendered":"https:\/\/farmafam.com.br\/?product=monitor-de-pressao-arterial-braco-automatico-hem-7122-omron"},"modified":"2026-04-30T10:34:54","modified_gmt":"2026-04-30T13:34:54","slug":"monitor-de-pressao-arterial-braco-automatico-hem-7122-omron","status":"publish","type":"product","link":"https:\/\/farmafam.com.br\/?product=monitor-de-pressao-arterial-braco-automatico-hem-7122-omron","title":{"rendered":"MONITOR DE PRESS\u00c3O ARTERIAL BRA\u00c7O AUTOMATICO HEM 7122 OMRON"},"content":{"rendered":"<p>MONITOR DE PRESS\u00c3O ARTERIAL BRA\u00c7O AUTOMATICO HEM 7122 OMRON<br \/>\n7896436906367<\/p>\n","protected":false},"excerpt":{"rendered":"<p>MONITOR DE PRESS\u00c3O ARTERIAL BRA\u00c7O AUTOMATICO HEM 7122 OMRON, 7896436906367<\/p>\n","protected":false},"featured_media":0,"comment_status":"closed","ping_status":"open","template":"","meta":[],"_links":{"self":[{"href":"https:\/\/farmafam.com.br\/index.php?rest_route=\/wp\/v2\/product\/61737"}],"collection":[{"href":"https:\/\/farmafam.com.br\/index.php?rest_route=\/wp\/v2\/product"}],"about":[{"href":"https:\/\/farmafam.com.br\/index.php?rest_route=\/wp\/v2\/types\/product"}],"replies":[{"embeddable":true,"href":"https:\/\/farmafam.com.br\/index.php?rest_route=%2Fwp%2Fv2%2Fcomments&post=61737"}],"wp:attachment":[{"href":"https:\/\/farmafam.com.br\/index.php?rest_route=%2Fwp%2Fv2%2Fmedia&parent=61737"}],"curies":[{"name":"wp","href":"https:\/\/api.w.org\/{rel}","templated":true}]}}