{"id":61863,"date":"2026-04-30T10:36:05","date_gmt":"2026-04-30T13:36:05","guid":{"rendered":"https:\/\/farmafam.com.br\/?product=pomada-desistin-maxima-duracao-57g"},"modified":"2026-04-30T10:36:08","modified_gmt":"2026-04-30T13:36:08","slug":"pomada-desistin-maxima-duracao-57g","status":"publish","type":"product","link":"https:\/\/farmafam.com.br\/?product=pomada-desistin-maxima-duracao-57g","title":{"rendered":"POMADA DESISTIN MAXIMA DURA\u00c7\u00c3O 57G"},"content":{"rendered":"<p>POMADA DESISTIN MAXIMA DURA\u00c7\u00c3O 57G<br \/>\n7702031245131<\/p>\n","protected":false},"excerpt":{"rendered":"<p>POMADA DESISTIN MAXIMA DURA\u00c7\u00c3O 57G, 7702031245131<\/p>\n","protected":false},"featured_media":0,"comment_status":"closed","ping_status":"open","template":"","meta":[],"_links":{"self":[{"href":"https:\/\/farmafam.com.br\/index.php?rest_route=\/wp\/v2\/product\/61863"}],"collection":[{"href":"https:\/\/farmafam.com.br\/index.php?rest_route=\/wp\/v2\/product"}],"about":[{"href":"https:\/\/farmafam.com.br\/index.php?rest_route=\/wp\/v2\/types\/product"}],"replies":[{"embeddable":true,"href":"https:\/\/farmafam.com.br\/index.php?rest_route=%2Fwp%2Fv2%2Fcomments&post=61863"}],"wp:attachment":[{"href":"https:\/\/farmafam.com.br\/index.php?rest_route=%2Fwp%2Fv2%2Fmedia&parent=61863"}],"curies":[{"name":"wp","href":"https:\/\/api.w.org\/{rel}","templated":true}]}}