{"id":62031,"date":"2026-04-24T11:42:08","date_gmt":"2026-04-24T14:42:08","guid":{"rendered":"https:\/\/farmafam.com.br\/?product=creme-nivea-reparacao-3em1-75gr"},"modified":"2026-04-24T11:42:09","modified_gmt":"2026-04-24T14:42:09","slug":"creme-nivea-reparacao-3em1-75gr","status":"publish","type":"product","link":"https:\/\/farmafam.com.br\/?product=creme-nivea-reparacao-3em1-75gr","title":{"rendered":"CREME NIVEA REPARA\u00c7\u00c3O 3EM1 75GR"},"content":{"rendered":"<p>CREME NIVEA REPARA\u00c7\u00c3O 3EM1 75GR<br \/>\n4005900704337<\/p>\n","protected":false},"excerpt":{"rendered":"<p>CREME NIVEA REPARA\u00c7\u00c3O 3EM1 75GR, 4005900704337<\/p>\n","protected":false},"featured_media":0,"comment_status":"closed","ping_status":"open","template":"","meta":[],"_links":{"self":[{"href":"https:\/\/farmafam.com.br\/index.php?rest_route=\/wp\/v2\/product\/62031"}],"collection":[{"href":"https:\/\/farmafam.com.br\/index.php?rest_route=\/wp\/v2\/product"}],"about":[{"href":"https:\/\/farmafam.com.br\/index.php?rest_route=\/wp\/v2\/types\/product"}],"replies":[{"embeddable":true,"href":"https:\/\/farmafam.com.br\/index.php?rest_route=%2Fwp%2Fv2%2Fcomments&post=62031"}],"wp:attachment":[{"href":"https:\/\/farmafam.com.br\/index.php?rest_route=%2Fwp%2Fv2%2Fmedia&parent=62031"}],"curies":[{"name":"wp","href":"https:\/\/api.w.org\/{rel}","templated":true}]}}