{"id":62431,"date":"2026-04-30T10:41:37","date_gmt":"2026-04-30T13:41:37","guid":{"rendered":"https:\/\/farmafam.com.br\/?product=omeprazol-40mg-30-capsulas-liberacao-prolongada-nova-quimica"},"modified":"2026-04-30T10:41:42","modified_gmt":"2026-04-30T13:41:42","slug":"omeprazol-40mg-30-capsulas-liberacao-prolongada-nova-quimica","status":"publish","type":"product","link":"https:\/\/farmafam.com.br\/?product=omeprazol-40mg-30-capsulas-liberacao-prolongada-nova-quimica","title":{"rendered":"OMEPRAZOL 40MG 30 CAPSULAS LIBERA\u00c7\u00c3O PROLONGADA NOVA QUIMICA"},"content":{"rendered":"<p>OMEPRAZOL 40MG 30 CAPSULAS LIBERA\u00c7\u00c3O PROLONGADA NOVA QUIMICA<br \/>\n7895296448802<\/p>\n","protected":false},"excerpt":{"rendered":"<p>OMEPRAZOL 40MG 30 CAPSULAS LIBERA\u00c7\u00c3O PROLONGADA NOVA QUIMICA, 7895296448802<\/p>\n","protected":false},"featured_media":0,"comment_status":"closed","ping_status":"open","template":"","meta":[],"_links":{"self":[{"href":"https:\/\/farmafam.com.br\/index.php?rest_route=\/wp\/v2\/product\/62431"}],"collection":[{"href":"https:\/\/farmafam.com.br\/index.php?rest_route=\/wp\/v2\/product"}],"about":[{"href":"https:\/\/farmafam.com.br\/index.php?rest_route=\/wp\/v2\/types\/product"}],"replies":[{"embeddable":true,"href":"https:\/\/farmafam.com.br\/index.php?rest_route=%2Fwp%2Fv2%2Fcomments&post=62431"}],"wp:attachment":[{"href":"https:\/\/farmafam.com.br\/index.php?rest_route=%2Fwp%2Fv2%2Fmedia&parent=62431"}],"curies":[{"name":"wp","href":"https:\/\/api.w.org\/{rel}","templated":true}]}}