{"id":62438,"date":"2026-04-30T10:41:37","date_gmt":"2026-04-30T13:41:37","guid":{"rendered":"https:\/\/farmafam.com.br\/?product=pant-50mg-ml-solucao-capilar-3-frasco-50ml"},"modified":"2026-04-30T10:41:44","modified_gmt":"2026-04-30T13:41:44","slug":"pant-50mg-ml-solucao-capilar-3-frasco-50ml","status":"publish","type":"product","link":"https:\/\/farmafam.com.br\/?product=pant-50mg-ml-solucao-capilar-3-frasco-50ml","title":{"rendered":"PANT 50MG ML SOLU\u00c7\u00c3O CAPILAR  3 FRASCO 50ML"},"content":{"rendered":"<p>PANT 50MG ML SOLU\u00c7\u00c3O CAPILAR  3 FRASCO 50ML<br \/>\n7896658035340<\/p>\n","protected":false},"excerpt":{"rendered":"<p>PANT 50MG ML SOLU\u00c7\u00c3O CAPILAR  3 FRASCO 50ML, 7896658035340<\/p>\n","protected":false},"featured_media":0,"comment_status":"closed","ping_status":"open","template":"","meta":[],"_links":{"self":[{"href":"https:\/\/farmafam.com.br\/index.php?rest_route=\/wp\/v2\/product\/62438"}],"collection":[{"href":"https:\/\/farmafam.com.br\/index.php?rest_route=\/wp\/v2\/product"}],"about":[{"href":"https:\/\/farmafam.com.br\/index.php?rest_route=\/wp\/v2\/types\/product"}],"replies":[{"embeddable":true,"href":"https:\/\/farmafam.com.br\/index.php?rest_route=%2Fwp%2Fv2%2Fcomments&post=62438"}],"wp:attachment":[{"href":"https:\/\/farmafam.com.br\/index.php?rest_route=%2Fwp%2Fv2%2Fmedia&parent=62438"}],"curies":[{"name":"wp","href":"https:\/\/api.w.org\/{rel}","templated":true}]}}