{"id":62457,"date":"2026-04-17T10:23:36","date_gmt":"2026-04-17T13:23:36","guid":{"rendered":"https:\/\/farmafam.com.br\/?product=advil-12h-600mg-6-comprimidos-liberacao-prolongada"},"modified":"2026-04-17T10:23:44","modified_gmt":"2026-04-17T13:23:44","slug":"advil-12h-600mg-6-comprimidos-liberacao-prolongada","status":"publish","type":"product","link":"https:\/\/farmafam.com.br\/?product=advil-12h-600mg-6-comprimidos-liberacao-prolongada","title":{"rendered":"ADVIL 12H 600MG 6 COMPRIMIDOS LIBERA\u00c7\u00c3O PROLONGADA"},"content":{"rendered":"<p>ADVIL 12H 600MG 6 COMPRIMIDOS LIBERA\u00c7\u00c3O PROLONGADA<br \/>\n7896015592752<\/p>\n","protected":false},"excerpt":{"rendered":"<p>ADVIL 12H 600MG 6 COMPRIMIDOS LIBERA\u00c7\u00c3O PROLONGADA, 7896015592752<\/p>\n","protected":false},"featured_media":0,"comment_status":"closed","ping_status":"open","template":"","meta":[],"_links":{"self":[{"href":"https:\/\/farmafam.com.br\/index.php?rest_route=\/wp\/v2\/product\/62457"}],"collection":[{"href":"https:\/\/farmafam.com.br\/index.php?rest_route=\/wp\/v2\/product"}],"about":[{"href":"https:\/\/farmafam.com.br\/index.php?rest_route=\/wp\/v2\/types\/product"}],"replies":[{"embeddable":true,"href":"https:\/\/farmafam.com.br\/index.php?rest_route=%2Fwp%2Fv2%2Fcomments&post=62457"}],"wp:attachment":[{"href":"https:\/\/farmafam.com.br\/index.php?rest_route=%2Fwp%2Fv2%2Fmedia&parent=62457"}],"curies":[{"name":"wp","href":"https:\/\/api.w.org\/{rel}","templated":true}]}}