{"id":62602,"date":"2026-04-30T10:43:21","date_gmt":"2026-04-30T13:43:21","guid":{"rendered":"https:\/\/farmafam.com.br\/?product=dozoito-50mg-30-comprimidos-liberacao-prolongada"},"modified":"2026-04-30T10:43:22","modified_gmt":"2026-04-30T13:43:22","slug":"dozoito-50mg-30-comprimidos-liberacao-prolongada","status":"publish","type":"product","link":"https:\/\/farmafam.com.br\/?product=dozoito-50mg-30-comprimidos-liberacao-prolongada","title":{"rendered":"DOZOITO 50MG 30 COMPRIMIDOS LIBERA\u00c7\u00c3O PROLONGADA"},"content":{"rendered":"<p>DOZOITO 50MG 30 COMPRIMIDOS LIBERA\u00c7\u00c3O PROLONGADA<br \/>\n7896112402671<\/p>\n","protected":false},"excerpt":{"rendered":"<p>DOZOITO 50MG 30 COMPRIMIDOS LIBERA\u00c7\u00c3O PROLONGADA, 7896112402671<\/p>\n","protected":false},"featured_media":0,"comment_status":"closed","ping_status":"open","template":"","meta":[],"_links":{"self":[{"href":"https:\/\/farmafam.com.br\/index.php?rest_route=\/wp\/v2\/product\/62602"}],"collection":[{"href":"https:\/\/farmafam.com.br\/index.php?rest_route=\/wp\/v2\/product"}],"about":[{"href":"https:\/\/farmafam.com.br\/index.php?rest_route=\/wp\/v2\/types\/product"}],"replies":[{"embeddable":true,"href":"https:\/\/farmafam.com.br\/index.php?rest_route=%2Fwp%2Fv2%2Fcomments&post=62602"}],"wp:attachment":[{"href":"https:\/\/farmafam.com.br\/index.php?rest_route=%2Fwp%2Fv2%2Fmedia&parent=62602"}],"curies":[{"name":"wp","href":"https:\/\/api.w.org\/{rel}","templated":true}]}}