{"id":62978,"date":"2026-04-17T11:21:36","date_gmt":"2026-04-17T14:21:36","guid":{"rendered":"https:\/\/farmafam.com.br\/?product=shampoo-elseve-400ml-oleo-extraordinario-nutricao"},"modified":"2026-04-17T11:21:39","modified_gmt":"2026-04-17T14:21:39","slug":"shampoo-elseve-400ml-oleo-extraordinario-nutricao","status":"publish","type":"product","link":"https:\/\/farmafam.com.br\/?product=shampoo-elseve-400ml-oleo-extraordinario-nutricao","title":{"rendered":"SHAMPOO ELSEVE 400ML OLEO EXTRAORDINARIO NUTRI\u00c7\u00c3O"},"content":{"rendered":"<p>SHAMPOO ELSEVE 400ML OLEO EXTRAORDINARIO NUTRI\u00c7\u00c3O<br \/>\n7898587774338<\/p>\n","protected":false},"excerpt":{"rendered":"<p>SHAMPOO ELSEVE 400ML OLEO EXTRAORDINARIO NUTRI\u00c7\u00c3O, 7898587774338<\/p>\n","protected":false},"featured_media":0,"comment_status":"closed","ping_status":"open","template":"","meta":[],"_links":{"self":[{"href":"https:\/\/farmafam.com.br\/index.php?rest_route=\/wp\/v2\/product\/62978"}],"collection":[{"href":"https:\/\/farmafam.com.br\/index.php?rest_route=\/wp\/v2\/product"}],"about":[{"href":"https:\/\/farmafam.com.br\/index.php?rest_route=\/wp\/v2\/types\/product"}],"replies":[{"embeddable":true,"href":"https:\/\/farmafam.com.br\/index.php?rest_route=%2Fwp%2Fv2%2Fcomments&post=62978"}],"wp:attachment":[{"href":"https:\/\/farmafam.com.br\/index.php?rest_route=%2Fwp%2Fv2%2Fmedia&parent=62978"}],"curies":[{"name":"wp","href":"https:\/\/api.w.org\/{rel}","templated":true}]}}