{"id":63076,"date":"2026-04-17T11:22:31","date_gmt":"2026-04-17T14:22:31","guid":{"rendered":"https:\/\/farmafam.com.br\/?product=silicone-niely-gold-42ml-nutricao-poderosa"},"modified":"2026-04-17T11:22:38","modified_gmt":"2026-04-17T14:22:38","slug":"silicone-niely-gold-42ml-nutricao-poderosa","status":"publish","type":"product","link":"https:\/\/farmafam.com.br\/?product=silicone-niely-gold-42ml-nutricao-poderosa","title":{"rendered":"SILICONE NIELY GOLD 42ML NUTRI\u00c7\u00c3O PODEROSA"},"content":{"rendered":"<p>SILICONE NIELY GOLD 42ML NUTRI\u00c7\u00c3O PODEROSA<br \/>\n7896000722553<\/p>\n","protected":false},"excerpt":{"rendered":"<p>SILICONE NIELY GOLD 42ML NUTRI\u00c7\u00c3O PODEROSA, 7896000722553<\/p>\n","protected":false},"featured_media":0,"comment_status":"closed","ping_status":"open","template":"","meta":[],"_links":{"self":[{"href":"https:\/\/farmafam.com.br\/index.php?rest_route=\/wp\/v2\/product\/63076"}],"collection":[{"href":"https:\/\/farmafam.com.br\/index.php?rest_route=\/wp\/v2\/product"}],"about":[{"href":"https:\/\/farmafam.com.br\/index.php?rest_route=\/wp\/v2\/types\/product"}],"replies":[{"embeddable":true,"href":"https:\/\/farmafam.com.br\/index.php?rest_route=%2Fwp%2Fv2%2Fcomments&post=63076"}],"wp:attachment":[{"href":"https:\/\/farmafam.com.br\/index.php?rest_route=%2Fwp%2Fv2%2Fmedia&parent=63076"}],"curies":[{"name":"wp","href":"https:\/\/api.w.org\/{rel}","templated":true}]}}