{"id":63238,"date":"2026-04-17T10:29:30","date_gmt":"2026-04-17T13:29:30","guid":{"rendered":"https:\/\/farmafam.com.br\/?product=bedoze-solucao-injetavel-2ampolas-1ml"},"modified":"2026-04-17T10:29:39","modified_gmt":"2026-04-17T13:29:39","slug":"bedoze-solucao-injetavel-2ampolas-1ml","status":"publish","type":"product","link":"https:\/\/farmafam.com.br\/?product=bedoze-solucao-injetavel-2ampolas-1ml","title":{"rendered":"BEDOZE SOLU\u00c7\u00c3O INJETAVEL 2AMPOLAS 1ML"},"content":{"rendered":"<p>BEDOZE SOLU\u00c7\u00c3O INJETAVEL 2AMPOLAS 1ML<br \/>\n7891317026554<\/p>\n","protected":false},"excerpt":{"rendered":"<p>BEDOZE SOLU\u00c7\u00c3O INJETAVEL 2AMPOLAS 1ML, 7891317026554<\/p>\n","protected":false},"featured_media":0,"comment_status":"closed","ping_status":"open","template":"","meta":[],"_links":{"self":[{"href":"https:\/\/farmafam.com.br\/index.php?rest_route=\/wp\/v2\/product\/63238"}],"collection":[{"href":"https:\/\/farmafam.com.br\/index.php?rest_route=\/wp\/v2\/product"}],"about":[{"href":"https:\/\/farmafam.com.br\/index.php?rest_route=\/wp\/v2\/types\/product"}],"replies":[{"embeddable":true,"href":"https:\/\/farmafam.com.br\/index.php?rest_route=%2Fwp%2Fv2%2Fcomments&post=63238"}],"wp:attachment":[{"href":"https:\/\/farmafam.com.br\/index.php?rest_route=%2Fwp%2Fv2%2Fmedia&parent=63238"}],"curies":[{"name":"wp","href":"https:\/\/api.w.org\/{rel}","templated":true}]}}