{"id":63283,"date":"2026-04-30T11:19:24","date_gmt":"2026-04-30T14:19:24","guid":{"rendered":"https:\/\/farmafam.com.br\/?product=dixil-50mg-ml-solucao-spray-50ml"},"modified":"2026-04-30T11:19:24","modified_gmt":"2026-04-30T14:19:24","slug":"dixil-50mg-ml-solucao-spray-50ml","status":"publish","type":"product","link":"https:\/\/farmafam.com.br\/?product=dixil-50mg-ml-solucao-spray-50ml","title":{"rendered":"DIXIL 50MG ML SOLU\u00c7\u00c3O SPRAY 50ML"},"content":{"rendered":"<p>DIXIL 50MG ML SOLU\u00c7\u00c3O SPRAY 50ML<br \/>\n7891317025205<\/p>\n","protected":false},"excerpt":{"rendered":"<p>DIXIL 50MG ML SOLU\u00c7\u00c3O SPRAY 50ML, 7891317025205<\/p>\n","protected":false},"featured_media":0,"comment_status":"closed","ping_status":"open","template":"","meta":[],"_links":{"self":[{"href":"https:\/\/farmafam.com.br\/index.php?rest_route=\/wp\/v2\/product\/63283"}],"collection":[{"href":"https:\/\/farmafam.com.br\/index.php?rest_route=\/wp\/v2\/product"}],"about":[{"href":"https:\/\/farmafam.com.br\/index.php?rest_route=\/wp\/v2\/types\/product"}],"replies":[{"embeddable":true,"href":"https:\/\/farmafam.com.br\/index.php?rest_route=%2Fwp%2Fv2%2Fcomments&post=63283"}],"wp:attachment":[{"href":"https:\/\/farmafam.com.br\/index.php?rest_route=%2Fwp%2Fv2%2Fmedia&parent=63283"}],"curies":[{"name":"wp","href":"https:\/\/api.w.org\/{rel}","templated":true}]}}