{"id":63289,"date":"2026-04-17T11:25:30","date_gmt":"2026-04-17T14:25:30","guid":{"rendered":"https:\/\/farmafam.com.br\/?product=thealoz-duo-solucao-oftalmica-10ml-gotas"},"modified":"2026-04-17T11:25:39","modified_gmt":"2026-04-17T14:25:39","slug":"thealoz-duo-solucao-oftalmica-10ml-gotas","status":"publish","type":"product","link":"https:\/\/farmafam.com.br\/?product=thealoz-duo-solucao-oftalmica-10ml-gotas","title":{"rendered":"THEALOZ DUO SOLU\u00c7\u00c3O OFTALMICA 10ML GOTAS"},"content":{"rendered":"<p>THEALOZ DUO SOLU\u00c7\u00c3O OFTALMICA 10ML GOTAS<br \/>\n3662042008443<\/p>\n","protected":false},"excerpt":{"rendered":"<p>THEALOZ DUO SOLU\u00c7\u00c3O OFTALMICA 10ML GOTAS, 3662042008443<\/p>\n","protected":false},"featured_media":0,"comment_status":"closed","ping_status":"open","template":"","meta":[],"_links":{"self":[{"href":"https:\/\/farmafam.com.br\/index.php?rest_route=\/wp\/v2\/product\/63289"}],"collection":[{"href":"https:\/\/farmafam.com.br\/index.php?rest_route=\/wp\/v2\/product"}],"about":[{"href":"https:\/\/farmafam.com.br\/index.php?rest_route=\/wp\/v2\/types\/product"}],"replies":[{"embeddable":true,"href":"https:\/\/farmafam.com.br\/index.php?rest_route=%2Fwp%2Fv2%2Fcomments&post=63289"}],"wp:attachment":[{"href":"https:\/\/farmafam.com.br\/index.php?rest_route=%2Fwp%2Fv2%2Fmedia&parent=63289"}],"curies":[{"name":"wp","href":"https:\/\/api.w.org\/{rel}","templated":true}]}}