{"id":63489,"date":"2026-04-24T12:05:34","date_gmt":"2026-04-24T15:05:34","guid":{"rendered":"https:\/\/farmafam.com.br\/?product=andrum-2-solucao-oftamica-5ml"},"modified":"2026-04-24T12:05:41","modified_gmt":"2026-04-24T15:05:41","slug":"andrum-2-solucao-oftamica-5ml","status":"publish","type":"product","link":"https:\/\/farmafam.com.br\/?product=andrum-2-solucao-oftamica-5ml","title":{"rendered":"ANDRUM 2% SOLU\u00c7\u00c3O OFTAMICA 5ML"},"content":{"rendered":"<p>ANDRUM 2% SOLU\u00c7\u00c3O OFTAMICA 5ML<br \/>\n7896658039010<\/p>\n","protected":false},"excerpt":{"rendered":"<p>ANDRUM 2% SOLU\u00c7\u00c3O OFTAMICA 5ML, 7896658039010<\/p>\n","protected":false},"featured_media":0,"comment_status":"closed","ping_status":"open","template":"","meta":[],"_links":{"self":[{"href":"https:\/\/farmafam.com.br\/index.php?rest_route=\/wp\/v2\/product\/63489"}],"collection":[{"href":"https:\/\/farmafam.com.br\/index.php?rest_route=\/wp\/v2\/product"}],"about":[{"href":"https:\/\/farmafam.com.br\/index.php?rest_route=\/wp\/v2\/types\/product"}],"replies":[{"embeddable":true,"href":"https:\/\/farmafam.com.br\/index.php?rest_route=%2Fwp%2Fv2%2Fcomments&post=63489"}],"wp:attachment":[{"href":"https:\/\/farmafam.com.br\/index.php?rest_route=%2Fwp%2Fv2%2Fmedia&parent=63489"}],"curies":[{"name":"wp","href":"https:\/\/api.w.org\/{rel}","templated":true}]}}