{"id":63719,"date":"2026-04-17T11:22:42","date_gmt":"2026-04-17T14:22:42","guid":{"rendered":"https:\/\/farmafam.com.br\/?product=simpli-d-2-000ui-solucao-spray-20ml"},"modified":"2026-04-17T11:22:48","modified_gmt":"2026-04-17T14:22:48","slug":"simpli-d-2-000ui-solucao-spray-20ml","status":"publish","type":"product","link":"https:\/\/farmafam.com.br\/?product=simpli-d-2-000ui-solucao-spray-20ml","title":{"rendered":"SIMPLI D 2.000UI SOLU\u00c7\u00c3O SPRAY 20ML"},"content":{"rendered":"<p>SIMPLI D 2.000UI SOLU\u00c7\u00c3O SPRAY 20ML<br \/>\n7896083411801<\/p>\n","protected":false},"excerpt":{"rendered":"<p>SIMPLI D 2.000UI SOLU\u00c7\u00c3O SPRAY 20ML, 7896083411801<\/p>\n","protected":false},"featured_media":0,"comment_status":"closed","ping_status":"open","template":"","meta":[],"_links":{"self":[{"href":"https:\/\/farmafam.com.br\/index.php?rest_route=\/wp\/v2\/product\/63719"}],"collection":[{"href":"https:\/\/farmafam.com.br\/index.php?rest_route=\/wp\/v2\/product"}],"about":[{"href":"https:\/\/farmafam.com.br\/index.php?rest_route=\/wp\/v2\/types\/product"}],"replies":[{"embeddable":true,"href":"https:\/\/farmafam.com.br\/index.php?rest_route=%2Fwp%2Fv2%2Fcomments&post=63719"}],"wp:attachment":[{"href":"https:\/\/farmafam.com.br\/index.php?rest_route=%2Fwp%2Fv2%2Fmedia&parent=63719"}],"curies":[{"name":"wp","href":"https:\/\/api.w.org\/{rel}","templated":true}]}}