{"id":63907,"date":"2026-04-30T11:35:14","date_gmt":"2026-04-30T14:35:14","guid":{"rendered":"https:\/\/farmafam.com.br\/?product=desodorante-creme-dove-serum-50g-previne-irritacao-vitamna-e"},"modified":"2026-04-30T11:35:16","modified_gmt":"2026-04-30T14:35:16","slug":"desodorante-creme-dove-serum-50g-previne-irritacao-vitamna-e","status":"publish","type":"product","link":"https:\/\/farmafam.com.br\/?product=desodorante-creme-dove-serum-50g-previne-irritacao-vitamna-e","title":{"rendered":"DESODORANTE CREME DOVE SERUM 50G PREVINE IRRITA\u00c7\u00c3O VITAMNA E"},"content":{"rendered":"<p>DESODORANTE CREME DOVE SERUM 50G PREVINE IRRITA\u00c7\u00c3O VITAMNA E<br \/>\n7891150096790<\/p>\n","protected":false},"excerpt":{"rendered":"<p>DESODORANTE CREME DOVE SERUM 50G PREVINE IRRITA\u00c7\u00c3O VITAMNA E, 7891150096790<\/p>\n","protected":false},"featured_media":0,"comment_status":"closed","ping_status":"open","template":"","meta":[],"_links":{"self":[{"href":"https:\/\/farmafam.com.br\/index.php?rest_route=\/wp\/v2\/product\/63907"}],"collection":[{"href":"https:\/\/farmafam.com.br\/index.php?rest_route=\/wp\/v2\/product"}],"about":[{"href":"https:\/\/farmafam.com.br\/index.php?rest_route=\/wp\/v2\/types\/product"}],"replies":[{"embeddable":true,"href":"https:\/\/farmafam.com.br\/index.php?rest_route=%2Fwp%2Fv2%2Fcomments&post=63907"}],"wp:attachment":[{"href":"https:\/\/farmafam.com.br\/index.php?rest_route=%2Fwp%2Fv2%2Fmedia&parent=63907"}],"curies":[{"name":"wp","href":"https:\/\/api.w.org\/{rel}","templated":true}]}}