{"id":63984,"date":"2026-04-17T11:23:38","date_gmt":"2026-04-17T14:23:38","guid":{"rendered":"https:\/\/farmafam.com.br\/?product=sprite-limao-sem-acucar-350ml-lata"},"modified":"2026-04-17T11:23:43","modified_gmt":"2026-04-17T14:23:43","slug":"sprite-limao-sem-acucar-350ml-lata","status":"publish","type":"product","link":"https:\/\/farmafam.com.br\/?product=sprite-limao-sem-acucar-350ml-lata","title":{"rendered":"SPRITE LIM\u00c3O SEM A\u00c7UCAR 350ML LATA"},"content":{"rendered":"<p>SPRITE LIM\u00c3O SEM A\u00c7UCAR 350ML LATA<br \/>\n7894900060010<\/p>\n","protected":false},"excerpt":{"rendered":"<p>SPRITE LIM\u00c3O SEM A\u00c7UCAR 350ML LATA, 7894900060010<\/p>\n","protected":false},"featured_media":0,"comment_status":"closed","ping_status":"open","template":"","meta":[],"_links":{"self":[{"href":"https:\/\/farmafam.com.br\/index.php?rest_route=\/wp\/v2\/product\/63984"}],"collection":[{"href":"https:\/\/farmafam.com.br\/index.php?rest_route=\/wp\/v2\/product"}],"about":[{"href":"https:\/\/farmafam.com.br\/index.php?rest_route=\/wp\/v2\/types\/product"}],"replies":[{"embeddable":true,"href":"https:\/\/farmafam.com.br\/index.php?rest_route=%2Fwp%2Fv2%2Fcomments&post=63984"}],"wp:attachment":[{"href":"https:\/\/farmafam.com.br\/index.php?rest_route=%2Fwp%2Fv2%2Fmedia&parent=63984"}],"curies":[{"name":"wp","href":"https:\/\/api.w.org\/{rel}","templated":true}]}}