{"id":64019,"date":"2026-04-17T10:24:21","date_gmt":"2026-04-17T13:24:21","guid":{"rendered":"https:\/\/farmafam.com.br\/?product=algilive-320mg-10-capsulas-liberacao-prolongada-ache"},"modified":"2026-04-17T10:24:28","modified_gmt":"2026-04-17T13:24:28","slug":"algilive-320mg-10-capsulas-liberacao-prolongada-ache","status":"publish","type":"product","link":"https:\/\/farmafam.com.br\/?product=algilive-320mg-10-capsulas-liberacao-prolongada-ache","title":{"rendered":"ALGILIVE 320MG 10 CAPSULAS LIBERA\u00c7\u00c3O PROLONGADA ACHE"},"content":{"rendered":"<p>ALGILIVE 320MG 10 CAPSULAS LIBERA\u00c7\u00c3O PROLONGADA ACHE<br \/>\n7896658039447<\/p>\n","protected":false},"excerpt":{"rendered":"<p>ALGILIVE 320MG 10 CAPSULAS LIBERA\u00c7\u00c3O PROLONGADA ACHE, 7896658039447<\/p>\n","protected":false},"featured_media":0,"comment_status":"closed","ping_status":"open","template":"","meta":[],"_links":{"self":[{"href":"https:\/\/farmafam.com.br\/index.php?rest_route=\/wp\/v2\/product\/64019"}],"collection":[{"href":"https:\/\/farmafam.com.br\/index.php?rest_route=\/wp\/v2\/product"}],"about":[{"href":"https:\/\/farmafam.com.br\/index.php?rest_route=\/wp\/v2\/types\/product"}],"replies":[{"embeddable":true,"href":"https:\/\/farmafam.com.br\/index.php?rest_route=%2Fwp%2Fv2%2Fcomments&post=64019"}],"wp:attachment":[{"href":"https:\/\/farmafam.com.br\/index.php?rest_route=%2Fwp%2Fv2%2Fmedia&parent=64019"}],"curies":[{"name":"wp","href":"https:\/\/api.w.org\/{rel}","templated":true}]}}