{"id":64135,"date":"2026-04-30T11:32:31","date_gmt":"2026-04-30T14:32:31","guid":{"rendered":"https:\/\/farmafam.com.br\/?product=permetrina-locao-60ml-belfar"},"modified":"2026-04-30T11:32:32","modified_gmt":"2026-04-30T14:32:32","slug":"permetrina-locao-60ml-belfar","status":"publish","type":"product","link":"https:\/\/farmafam.com.br\/?product=permetrina-locao-60ml-belfar","title":{"rendered":"PERMETRINA LO\u00c7\u00c3O 60ML BELFAR"},"content":{"rendered":"<p>PERMETRINA LO\u00c7\u00c3O 60ML BELFAR<br \/>\n7897917005463<\/p>\n","protected":false},"excerpt":{"rendered":"<p>PERMETRINA LO\u00c7\u00c3O 60ML BELFAR, 7897917005463<\/p>\n","protected":false},"featured_media":0,"comment_status":"closed","ping_status":"open","template":"","meta":[],"_links":{"self":[{"href":"https:\/\/farmafam.com.br\/index.php?rest_route=\/wp\/v2\/product\/64135"}],"collection":[{"href":"https:\/\/farmafam.com.br\/index.php?rest_route=\/wp\/v2\/product"}],"about":[{"href":"https:\/\/farmafam.com.br\/index.php?rest_route=\/wp\/v2\/types\/product"}],"replies":[{"embeddable":true,"href":"https:\/\/farmafam.com.br\/index.php?rest_route=%2Fwp%2Fv2%2Fcomments&post=64135"}],"wp:attachment":[{"href":"https:\/\/farmafam.com.br\/index.php?rest_route=%2Fwp%2Fv2%2Fmedia&parent=64135"}],"curies":[{"name":"wp","href":"https:\/\/api.w.org\/{rel}","templated":true}]}}