{"id":64325,"date":"2026-04-17T10:28:57","date_gmt":"2026-04-17T13:28:57","guid":{"rendered":"https:\/\/farmafam.com.br\/?product=banana-natural-sem-acucar-fazendinha"},"modified":"2026-04-17T10:28:57","modified_gmt":"2026-04-17T13:28:57","slug":"banana-natural-sem-acucar-fazendinha","status":"publish","type":"product","link":"https:\/\/farmafam.com.br\/?product=banana-natural-sem-acucar-fazendinha","title":{"rendered":"BANANA NATURAL SEM A\u00c7\u00daCAR FAZENDINHA"},"content":{"rendered":"<p>BANANA NATURAL SEM A\u00c7\u00daCAR FAZENDINHA<br \/>\n7897011000265<\/p>\n","protected":false},"excerpt":{"rendered":"<p>BANANA NATURAL SEM A\u00c7\u00daCAR FAZENDINHA, 7897011000265<\/p>\n","protected":false},"featured_media":0,"comment_status":"closed","ping_status":"open","template":"","meta":[],"_links":{"self":[{"href":"https:\/\/farmafam.com.br\/index.php?rest_route=\/wp\/v2\/product\/64325"}],"collection":[{"href":"https:\/\/farmafam.com.br\/index.php?rest_route=\/wp\/v2\/product"}],"about":[{"href":"https:\/\/farmafam.com.br\/index.php?rest_route=\/wp\/v2\/types\/product"}],"replies":[{"embeddable":true,"href":"https:\/\/farmafam.com.br\/index.php?rest_route=%2Fwp%2Fv2%2Fcomments&post=64325"}],"wp:attachment":[{"href":"https:\/\/farmafam.com.br\/index.php?rest_route=%2Fwp%2Fv2%2Fmedia&parent=64325"}],"curies":[{"name":"wp","href":"https:\/\/api.w.org\/{rel}","templated":true}]}}