{"id":64341,"date":"2026-04-17T11:29:56","date_gmt":"2026-04-17T14:29:56","guid":{"rendered":"https:\/\/farmafam.com.br\/?product=vinagre-organico-maca-400ml"},"modified":"2026-04-17T11:29:57","modified_gmt":"2026-04-17T14:29:57","slug":"vinagre-organico-maca-400ml","status":"publish","type":"product","link":"https:\/\/farmafam.com.br\/?product=vinagre-organico-maca-400ml","title":{"rendered":"VINAGRE ORGANICO MA\u00c7\u00c3 400ML"},"content":{"rendered":"<p>VINAGRE ORGANICO MA\u00c7\u00c3 400ML<br \/>\n7898908593617<\/p>\n","protected":false},"excerpt":{"rendered":"<p>VINAGRE ORGANICO MA\u00c7\u00c3 400ML, 7898908593617<\/p>\n","protected":false},"featured_media":0,"comment_status":"closed","ping_status":"open","template":"","meta":[],"_links":{"self":[{"href":"https:\/\/farmafam.com.br\/index.php?rest_route=\/wp\/v2\/product\/64341"}],"collection":[{"href":"https:\/\/farmafam.com.br\/index.php?rest_route=\/wp\/v2\/product"}],"about":[{"href":"https:\/\/farmafam.com.br\/index.php?rest_route=\/wp\/v2\/types\/product"}],"replies":[{"embeddable":true,"href":"https:\/\/farmafam.com.br\/index.php?rest_route=%2Fwp%2Fv2%2Fcomments&post=64341"}],"wp:attachment":[{"href":"https:\/\/farmafam.com.br\/index.php?rest_route=%2Fwp%2Fv2%2Fmedia&parent=64341"}],"curies":[{"name":"wp","href":"https:\/\/api.w.org\/{rel}","templated":true}]}}