{"id":64401,"date":"2026-04-24T11:29:06","date_gmt":"2026-04-24T14:29:06","guid":{"rendered":"https:\/\/farmafam.com.br\/?product=condicionador-elseve-400ml-reparacao-total-5"},"modified":"2026-04-24T11:29:08","modified_gmt":"2026-04-24T14:29:08","slug":"condicionador-elseve-400ml-reparacao-total-5","status":"publish","type":"product","link":"https:\/\/farmafam.com.br\/?product=condicionador-elseve-400ml-reparacao-total-5","title":{"rendered":"CONDICIONADOR ELSEVE 400ML REPARA\u00c7\u00c3O TOTAL 5"},"content":{"rendered":"<p>CONDICIONADOR ELSEVE 400ML REPARA\u00c7\u00c3O TOTAL 5<br \/>\n7899026459908<\/p>\n","protected":false},"excerpt":{"rendered":"<p>CONDICIONADOR ELSEVE 400ML REPARA\u00c7\u00c3O TOTAL 5, 7899026459908<\/p>\n","protected":false},"featured_media":0,"comment_status":"closed","ping_status":"open","template":"","meta":[],"_links":{"self":[{"href":"https:\/\/farmafam.com.br\/index.php?rest_route=\/wp\/v2\/product\/64401"}],"collection":[{"href":"https:\/\/farmafam.com.br\/index.php?rest_route=\/wp\/v2\/product"}],"about":[{"href":"https:\/\/farmafam.com.br\/index.php?rest_route=\/wp\/v2\/types\/product"}],"replies":[{"embeddable":true,"href":"https:\/\/farmafam.com.br\/index.php?rest_route=%2Fwp%2Fv2%2Fcomments&post=64401"}],"wp:attachment":[{"href":"https:\/\/farmafam.com.br\/index.php?rest_route=%2Fwp%2Fv2%2Fmedia&parent=64401"}],"curies":[{"name":"wp","href":"https:\/\/api.w.org\/{rel}","templated":true}]}}