{"id":64945,"date":"2026-04-30T11:38:58","date_gmt":"2026-04-30T14:38:58","guid":{"rendered":"https:\/\/farmafam.com.br\/?product=poviztra-fxt-24mg-solucao-injetavel"},"modified":"2026-04-30T11:39:00","modified_gmt":"2026-04-30T14:39:00","slug":"poviztra-fxt-24mg-solucao-injetavel","status":"publish","type":"product","link":"https:\/\/farmafam.com.br\/?product=poviztra-fxt-24mg-solucao-injetavel","title":{"rendered":"POVIZTRA FXT 2,4MG SOLU\u00c7\u00c3O INJETAVEL"},"content":{"rendered":"<p>POVIZTRA FXT 2,4MG SOLU\u00c7\u00c3O INJETAVEL<br \/>\n7897705203644<\/p>\n","protected":false},"excerpt":{"rendered":"<p>POVIZTRA FXT 2,4MG SOLU\u00c7\u00c3O INJETAVEL, 7897705203644<\/p>\n","protected":false},"featured_media":0,"comment_status":"closed","ping_status":"open","template":"","meta":[],"_links":{"self":[{"href":"https:\/\/farmafam.com.br\/index.php?rest_route=\/wp\/v2\/product\/64945"}],"collection":[{"href":"https:\/\/farmafam.com.br\/index.php?rest_route=\/wp\/v2\/product"}],"about":[{"href":"https:\/\/farmafam.com.br\/index.php?rest_route=\/wp\/v2\/types\/product"}],"replies":[{"embeddable":true,"href":"https:\/\/farmafam.com.br\/index.php?rest_route=%2Fwp%2Fv2%2Fcomments&post=64945"}],"wp:attachment":[{"href":"https:\/\/farmafam.com.br\/index.php?rest_route=%2Fwp%2Fv2%2Fmedia&parent=64945"}],"curies":[{"name":"wp","href":"https:\/\/api.w.org\/{rel}","templated":true}]}}