{"id":65398,"date":"2026-04-17T10:58:42","date_gmt":"2026-04-17T13:58:42","guid":{"rendered":"https:\/\/farmafam.com.br\/?product=kuramed-sept-solucao-top-frasco-spray-50-ml"},"modified":"2026-04-17T10:58:43","modified_gmt":"2026-04-17T13:58:43","slug":"kuramed-sept-solucao-top-frasco-spray-50-ml","status":"publish","type":"product","link":"https:\/\/farmafam.com.br\/?product=kuramed-sept-solucao-top-frasco-spray-50-ml","title":{"rendered":"KURAMED SEPT SOLU\u00c7\u00c3O TOP FRASCO SPRAY 50 ML"},"content":{"rendered":"<p>KURAMED SEPT SOLU\u00c7\u00c3O TOP FRASCO SPRAY 50 ML<br \/>\n7896523200880<\/p>\n","protected":false},"excerpt":{"rendered":"<p>KURAMED SEPT SOLU\u00c7\u00c3O TOP FRASCO SPRAY 50 ML, 7896523200880<\/p>\n","protected":false},"featured_media":0,"comment_status":"closed","ping_status":"open","template":"","meta":[],"_links":{"self":[{"href":"https:\/\/farmafam.com.br\/index.php?rest_route=\/wp\/v2\/product\/65398"}],"collection":[{"href":"https:\/\/farmafam.com.br\/index.php?rest_route=\/wp\/v2\/product"}],"about":[{"href":"https:\/\/farmafam.com.br\/index.php?rest_route=\/wp\/v2\/types\/product"}],"replies":[{"embeddable":true,"href":"https:\/\/farmafam.com.br\/index.php?rest_route=%2Fwp%2Fv2%2Fcomments&post=65398"}],"wp:attachment":[{"href":"https:\/\/farmafam.com.br\/index.php?rest_route=%2Fwp%2Fv2%2Fmedia&parent=65398"}],"curies":[{"name":"wp","href":"https:\/\/api.w.org\/{rel}","templated":true}]}}