{"id":65498,"date":"2026-04-10T13:12:11","date_gmt":"2026-04-10T16:12:11","guid":{"rendered":"https:\/\/farmafam.com.br\/?product=monitor-de-pressao-arterial-braco-hem-7142-omron"},"modified":"2026-04-10T13:12:16","modified_gmt":"2026-04-10T16:12:16","slug":"monitor-de-pressao-arterial-braco-hem-7142-omron","status":"publish","type":"product","link":"https:\/\/farmafam.com.br\/?product=monitor-de-pressao-arterial-braco-hem-7142-omron","title":{"rendered":"MONITOR DE PRESS\u00c3O ARTERIAL BRA\u00c7O HEM 7142 OMRON"},"content":{"rendered":"<p>MONITOR DE PRESS\u00c3O ARTERIAL BRA\u00c7O HEM 7142 OMRON<br \/>\n7898949253761<\/p>\n","protected":false},"excerpt":{"rendered":"<p>MONITOR DE PRESS\u00c3O ARTERIAL BRA\u00c7O HEM 7142 OMRON, 7898949253761<\/p>\n","protected":false},"featured_media":0,"comment_status":"closed","ping_status":"open","template":"","meta":[],"_links":{"self":[{"href":"https:\/\/farmafam.com.br\/index.php?rest_route=\/wp\/v2\/product\/65498"}],"collection":[{"href":"https:\/\/farmafam.com.br\/index.php?rest_route=\/wp\/v2\/product"}],"about":[{"href":"https:\/\/farmafam.com.br\/index.php?rest_route=\/wp\/v2\/types\/product"}],"replies":[{"embeddable":true,"href":"https:\/\/farmafam.com.br\/index.php?rest_route=%2Fwp%2Fv2%2Fcomments&post=65498"}],"wp:attachment":[{"href":"https:\/\/farmafam.com.br\/index.php?rest_route=%2Fwp%2Fv2%2Fmedia&parent=65498"}],"curies":[{"name":"wp","href":"https:\/\/api.w.org\/{rel}","templated":true}]}}