{"id":65520,"date":"2026-04-17T10:55:48","date_gmt":"2026-04-17T13:55:48","guid":{"rendered":"https:\/\/farmafam.com.br\/?product=hemifumarato-de-quetiapina-50mg-30-comprimidos-eurofarma-liberacao-prolongada"},"modified":"2026-04-17T10:55:54","modified_gmt":"2026-04-17T13:55:54","slug":"hemifumarato-de-quetiapina-50mg-30-comprimidos-eurofarma-liberacao-prolongada","status":"publish","type":"product","link":"https:\/\/farmafam.com.br\/?product=hemifumarato-de-quetiapina-50mg-30-comprimidos-eurofarma-liberacao-prolongada","title":{"rendered":"HEMIFUMARATO DE QUETIAPINA 50MG 30 COMPRIMIDOS EUROFARMA LIBERA\u00c7\u00c3O PROLONGADA"},"content":{"rendered":"<p>HEMIFUMARATO DE QUETIAPINA 50MG 30 COMPRIMIDOS EUROFARMA LIBERA\u00c7\u00c3O PROLONGADA<br \/>\n7891317134303<\/p>\n","protected":false},"excerpt":{"rendered":"<p>HEMIFUMARATO DE QUETIAPINA 50MG 30 COMPRIMIDOS EUROFARMA LIBERA\u00c7\u00c3O PROLONGADA, 7891317134303<\/p>\n","protected":false},"featured_media":0,"comment_status":"closed","ping_status":"open","template":"","meta":[],"_links":{"self":[{"href":"https:\/\/farmafam.com.br\/index.php?rest_route=\/wp\/v2\/product\/65520"}],"collection":[{"href":"https:\/\/farmafam.com.br\/index.php?rest_route=\/wp\/v2\/product"}],"about":[{"href":"https:\/\/farmafam.com.br\/index.php?rest_route=\/wp\/v2\/types\/product"}],"replies":[{"embeddable":true,"href":"https:\/\/farmafam.com.br\/index.php?rest_route=%2Fwp%2Fv2%2Fcomments&post=65520"}],"wp:attachment":[{"href":"https:\/\/farmafam.com.br\/index.php?rest_route=%2Fwp%2Fv2%2Fmedia&parent=65520"}],"curies":[{"name":"wp","href":"https:\/\/api.w.org\/{rel}","templated":true}]}}